{"id":48,"date":"2025-02-02T15:34:54","date_gmt":"2025-02-02T14:34:54","guid":{"rendered":"http:\/\/cleanpv.pl\/?page_id=48"},"modified":"2025-12-01T23:36:48","modified_gmt":"2025-12-01T22:36:48","slug":"home","status":"publish","type":"page","link":"https:\/\/cleanpv.pl\/","title":{"rendered":"Home"},"content":{"rendered":"\n\n\n<h2>Czym si\u0119 zajmujemy?<\/h2>\n\n<p style=\"text-align: center; \">Zajmujemy si\u0119 profesjonalnym czyszczeniem paneli fotowoltaicznych w instalacjach komercyjnych, przemys\u0142owych i domowych, wykonujemy inspekcje termowizyjne z drona oraz czy\u015bcimy elewacje, dachy, ogrody zimowe i witryny wielkoformatowe. Przywracamy pe\u0142n\u0105 wydajno\u015b\u0107 i estetyk\u0119 ka\u017cdej powierzchni, kt\u00f3ra potrzebuje \u015bwie\u017cego oddechu.<\/p>\n\n\n\n\n\n<p><strong><\/strong><strong><\/strong>\n\n\n\n\n\n\n\n\n\n\n\nPrzywracamy maksymaln\u0105 wydajno\u015b\u0107 du\u017cych instalacji PV.<\/p>\n\n\nBezpiecznie czy\u015bcimy panele na domach i ma\u0142ych obiektach.\n\n\nWykrywamy uszkodzenia i hot-spoty niewidoczne go\u0142ym okiem.\n\n\n\n\n<p><strong><\/strong><strong><\/strong>\n\n\n\n\n\n\n\n\n\n\n\nUsuwamy zabrudzenia i osady, przywracaj\u0105c \u015bwie\u017cy wygl\u0105d budynk\u00f3w.<\/p>\n\n\nDzia\u0142amy na terenie ca\u0142ego kraju \u2013 zam\u00f3w i odbierz bez problemu!\n\n\nMyjemy ogrody zimowe i witryny wielkoformatowe na idealn\u0105 przejrzysto\u015b\u0107.\n\n\n\n\n\n\n<h2>Jak przebiega proces zlecenia?<\/h2>\n\n\n\n\nKontaktujesz si\u0119 z nami, a my ustalamy zakres prac i przedstawiamy klarown\u0105 ofert\u0119 &#8211; bez labiryntu ukrytych koszt\u00f3w.\nPrzyje\u017cd\u017camy w ustalonym terminie, wykonujemy czyszczenie lub inspekcj\u0119 z u\u017cyciem profesjonalnego sprz\u0119tu i dopasowanych technologii.\nPo zako\u0144czeniu otrzymujesz kr\u00f3tkie podsumowanie, zdj\u0119cia lub raport z przegl\u0105du &#8211; wszystko, co potrzebne, by widzie\u0107 efekt czarno na bia\u0142ym (i b\u0142yszcz\u0105cym).\n\n\n\n\n\n\n\n\n\n\n\n\n\n\n\n\n\n\n\n\n\n\n\n\n\n\n\n\n\n\n\n\n\n\n\n\n\n\n\n\n\n\n\n\n\n","protected":false},"excerpt":{"rendered":"","protected":false},"author":1,"featured_media":0,"parent":0,"menu_order":0,"comment_status":"closed","ping_status":"closed","template":"","meta":{"pagelayer_contact_templates":[],"_pagelayer_content":"","footnotes":""},"class_list":["post-48","page","type-page","status-publish","hentry"],"_links":{"self":[{"href":"https:\/\/cleanpv.pl\/index.php?rest_route=\/wp\/v2\/pages\/48","targetHints":{"allow":["GET"]}}],"collection":[{"href":"https:\/\/cleanpv.pl\/index.php?rest_route=\/wp\/v2\/pages"}],"about":[{"href":"https:\/\/cleanpv.pl\/index.php?rest_route=\/wp\/v2\/types\/page"}],"author":[{"embeddable":true,"href":"https:\/\/cleanpv.pl\/index.php?rest_route=\/wp\/v2\/users\/1"}],"replies":[{"embeddable":true,"href":"https:\/\/cleanpv.pl\/index.php?rest_route=%2Fwp%2Fv2%2Fcomments&post=48"}],"version-history":[{"count":19,"href":"https:\/\/cleanpv.pl\/index.php?rest_route=\/wp\/v2\/pages\/48\/revisions"}],"predecessor-version":[{"id":245,"href":"https:\/\/cleanpv.pl\/index.php?rest_route=\/wp\/v2\/pages\/48\/revisions\/245"}],"wp:attachment":[{"href":"https:\/\/cleanpv.pl\/index.php?rest_route=%2Fwp%2Fv2%2Fmedia&parent=48"}],"curies":[{"name":"wp","href":"https:\/\/api.w.org\/{rel}","templated":true}]}}